{"id":83,"date":"2017-04-10T22:00:06","date_gmt":"2017-04-10T22:00:06","guid":{"rendered":"http:\/\/wp.notare-rabl-gassen.de\/?page_id=83"},"modified":"2018-07-09T10:46:58","modified_gmt":"2018-07-09T10:46:58","slug":"allgemeines","status":"publish","type":"page","link":"https:\/\/notare-rabl-gassen.de\/?page_id=83","title":{"rendered":"Vertragsentw\u00fcrfe&#8230;"},"content":{"rendered":"<p>Bevor eine Urkunde unterschrieben werden kann, bereitet der Notar zun\u00e4chst einen Entwurf vor und sendet diesen an die Beteiligten. Dieser Schritt ist so wichtig, dass der Gesetzgeber in \u00a7 17 Beurkundungsgesetz hierf\u00fcr zwingende Vorschriften erlassen hat.<\/p>\n<p>Um in ihrem Sinne z\u00fcgig einen Urkundsentwurf vorlegen zu k\u00f6nnen, haben wir auf dieser Webseite verschiedene M\u00f6glichkeiten vorgesehen, wie sie uns die hierf\u00fcr notwendigen Informationen \u00fcbersenden k\u00f6nnen. Wir bieten dies an f\u00fcr<\/p>\n<ul>\n<li><a href=\"http:\/\/wp.notare-rabl-gassen.de\/?page_id=77\">Grundst\u00fcckskaufvertr\u00e4ge<\/a><\/li>\n<li><a href=\"http:\/\/wp.notare-rabl-gassen.de\/?page_id=79\">GmbH- und UG-Gr\u00fcndungen<\/a> und<\/li>\n<li><a href=\"http:\/\/wp.notare-rabl-gassen.de\/?page_id=81\">Vorsorgevollmachten<\/a>.<\/li>\n<\/ul>\n<p>Bitte klicken Sie auf den betreffenden Link, um zum n\u00e4chsten Schritt zu gelangen. Beachten sie hierzu auch unsere <a href=\"http:\/\/wp.notare-rabl-gassen.de\/?page_id=61\">Datenschutzhinweise<\/a>.<\/p>\n","protected":false},"excerpt":{"rendered":"<p>Bevor eine Urkunde unterschrieben werden kann, bereitet der Notar zun\u00e4chst einen Entwurf vor und sendet diesen an die Beteiligten. Dieser Schritt ist so wichtig, dass der Gesetzgeber in \u00a7 17 Beurkundungsgesetz hierf\u00fcr zwingende Vorschriften erlassen hat. Um in ihrem Sinne z\u00fcgig einen Urkundsentwurf vorlegen zu k\u00f6nnen, haben wir auf dieser Webseite verschiedene M\u00f6glichkeiten vorgesehen, wie <a class=\"more-link\" href=\"https:\/\/notare-rabl-gassen.de\/?page_id=83\">weiterlesen&#8230;<\/a><\/p>\n","protected":false},"author":1,"featured_media":178,"parent":0,"menu_order":0,"comment_status":"closed","ping_status":"closed","template":"","meta":{"footnotes":""},"class_list":["post-83","page","type-page","status-publish","has-post-thumbnail","hentry"],"_links":{"self":[{"href":"https:\/\/notare-rabl-gassen.de\/index.php?rest_route=\/wp\/v2\/pages\/83","targetHints":{"allow":["GET"]}}],"collection":[{"href":"https:\/\/notare-rabl-gassen.de\/index.php?rest_route=\/wp\/v2\/pages"}],"about":[{"href":"https:\/\/notare-rabl-gassen.de\/index.php?rest_route=\/wp\/v2\/types\/page"}],"author":[{"embeddable":true,"href":"https:\/\/notare-rabl-gassen.de\/index.php?rest_route=\/wp\/v2\/users\/1"}],"replies":[{"embeddable":true,"href":"https:\/\/notare-rabl-gassen.de\/index.php?rest_route=%2Fwp%2Fv2%2Fcomments&post=83"}],"version-history":[{"count":7,"href":"https:\/\/notare-rabl-gassen.de\/index.php?rest_route=\/wp\/v2\/pages\/83\/revisions"}],"predecessor-version":[{"id":223,"href":"https:\/\/notare-rabl-gassen.de\/index.php?rest_route=\/wp\/v2\/pages\/83\/revisions\/223"}],"wp:featuredmedia":[{"embeddable":true,"href":"https:\/\/notare-rabl-gassen.de\/index.php?rest_route=\/wp\/v2\/media\/178"}],"wp:attachment":[{"href":"https:\/\/notare-rabl-gassen.de\/index.php?rest_route=%2Fwp%2Fv2%2Fmedia&parent=83"}],"curies":[{"name":"wp","href":"https:\/\/api.w.org\/{rel}","templated":true}]}}