{"id":79,"date":"2017-04-10T21:59:32","date_gmt":"2017-04-10T21:59:32","guid":{"rendered":"http:\/\/wp.notare-rabl-gassen.de\/?page_id=79"},"modified":"2024-01-09T07:35:26","modified_gmt":"2024-01-09T07:35:26","slug":"gesellschaftsvertrags-entwurf-bestellen","status":"publish","type":"page","link":"https:\/\/notare-rabl-gassen.de\/?page_id=79","title":{"rendered":"Gesellschaftsvertrags-Entwurf bestellen"},"content":{"rendered":"<p><img loading=\"lazy\" decoding=\"async\" class=\"size-medium wp-image-169 alignleft\" src=\"http:\/\/wp.notare-rabl-gassen.de\/wp-content\/uploads\/2018\/07\/033_Notariat-Rabl-Gassen-300x200.jpg\" alt=\"\" width=\"300\" height=\"200\" srcset=\"https:\/\/notare-rabl-gassen.de\/wp-content\/uploads\/2018\/07\/033_Notariat-Rabl-Gassen-300x200.jpg 300w, https:\/\/notare-rabl-gassen.de\/wp-content\/uploads\/2018\/07\/033_Notariat-Rabl-Gassen-768x512.jpg 768w, https:\/\/notare-rabl-gassen.de\/wp-content\/uploads\/2018\/07\/033_Notariat-Rabl-Gassen-1024x683.jpg 1024w, https:\/\/notare-rabl-gassen.de\/wp-content\/uploads\/2018\/07\/033_Notariat-Rabl-Gassen.jpg 1500w\" sizes=\"auto, (max-width: 300px) 100vw, 300px\" \/>Sie m\u00f6chten ein Unternehmen gr\u00fcnden und haben sich dabei f\u00fcr die Rechtsform der GmbH oder der Unternehmergesellschaft (UG) entschieden? Gerne helfen wir ihnen bei den notwendigen Schritten, f\u00fcr ihre neue Gesellschaft der richtigen Rechtsrahmen zu schaffen und f\u00fcr eine z\u00fcgige Eintragung in das Handelsregister zu sorgen.<\/p>\n<p>Sie k\u00f6nnen ihrerseits einen Teil zum Gelingen beitragen, wenn sie uns die f\u00fcr die Gr\u00fcndung notwendigen Daten fr\u00fchzeitig bereitstellen. Ausgehend hiervon k\u00f6nnen wir einen ersten Entwurf der notwendigen Urkunden vorbereiten. Nat\u00fcrlich funktioniert eine solche Gr\u00fcndung nicht nach &#8222;Schema F&#8220; &#8211; in jedem Fall muss man sich noch \u00fcber notwendige Weichenstellungen unterhalten &#8211; schlie\u00dflich ist jedes Unternehmen anders.<\/p>\n<p>Zum Gl\u00fcck ist beim Notar die Beratung im Preis inklusive, so dass am Ende die f\u00fcr sie ma\u00dfgeschneiderte rechtliche Konstruktion steht.<\/p>\n<p><a href=\"https:\/\/notar-formulare.de\/rabl-gassen\/unternehmensgruendung\/\">Klicken Sie hier, um das Online-Datenformular zur Unternehmensgr\u00fcndung zu \u00f6ffnen<\/a>.<\/p>\n<p>Sie k\u00f6nnen die\u00a0<a href=\"http:\/\/wp.notare-rabl-gassen.de\/wp-content\/uploads\/2018\/07\/erfassung_ges.doc\">Erfassungstabelle<\/a>\u00a0auch herunterladen und (handschriftlich oder am Computer) ausf\u00fcllen. Bitte senden sie uns in diesem Fall das ausgef\u00fcllte Formular als E-Mail an\u00a0gassen-rabl@notarnet.de\u00a0oder per Fax an 0228-983 94 &#8211; 17.<\/p>\n","protected":false},"excerpt":{"rendered":"<p>Sie m\u00f6chten ein Unternehmen gr\u00fcnden und haben sich dabei f\u00fcr die Rechtsform der GmbH oder der Unternehmergesellschaft (UG) entschieden? Gerne helfen wir ihnen bei den notwendigen Schritten, f\u00fcr ihre neue Gesellschaft der richtigen Rechtsrahmen zu schaffen und f\u00fcr eine z\u00fcgige Eintragung in das Handelsregister zu sorgen. Sie k\u00f6nnen ihrerseits einen Teil zum Gelingen beitragen, wenn <a class=\"more-link\" href=\"https:\/\/notare-rabl-gassen.de\/?page_id=79\">weiterlesen&#8230;<\/a><\/p>\n","protected":false},"author":1,"featured_media":169,"parent":0,"menu_order":0,"comment_status":"closed","ping_status":"closed","template":"","meta":{"footnotes":""},"class_list":["post-79","page","type-page","status-publish","has-post-thumbnail","hentry"],"_links":{"self":[{"href":"https:\/\/notare-rabl-gassen.de\/index.php?rest_route=\/wp\/v2\/pages\/79","targetHints":{"allow":["GET"]}}],"collection":[{"href":"https:\/\/notare-rabl-gassen.de\/index.php?rest_route=\/wp\/v2\/pages"}],"about":[{"href":"https:\/\/notare-rabl-gassen.de\/index.php?rest_route=\/wp\/v2\/types\/page"}],"author":[{"embeddable":true,"href":"https:\/\/notare-rabl-gassen.de\/index.php?rest_route=\/wp\/v2\/users\/1"}],"replies":[{"embeddable":true,"href":"https:\/\/notare-rabl-gassen.de\/index.php?rest_route=%2Fwp%2Fv2%2Fcomments&post=79"}],"version-history":[{"count":5,"href":"https:\/\/notare-rabl-gassen.de\/index.php?rest_route=\/wp\/v2\/pages\/79\/revisions"}],"predecessor-version":[{"id":454,"href":"https:\/\/notare-rabl-gassen.de\/index.php?rest_route=\/wp\/v2\/pages\/79\/revisions\/454"}],"wp:featuredmedia":[{"embeddable":true,"href":"https:\/\/notare-rabl-gassen.de\/index.php?rest_route=\/wp\/v2\/media\/169"}],"wp:attachment":[{"href":"https:\/\/notare-rabl-gassen.de\/index.php?rest_route=%2Fwp%2Fv2%2Fmedia&parent=79"}],"curies":[{"name":"wp","href":"https:\/\/api.w.org\/{rel}","templated":true}]}}