{"id":69,"date":"2017-04-10T21:56:46","date_gmt":"2017-04-10T21:56:46","guid":{"rendered":"http:\/\/wp.notare-rabl-gassen.de\/?page_id=69"},"modified":"2018-07-09T12:54:25","modified_gmt":"2018-07-09T12:54:25","slug":"anfahrt","status":"publish","type":"page","link":"https:\/\/notare-rabl-gassen.de\/?page_id=69","title":{"rendered":"So kommen sie zu uns&#8230;"},"content":{"rendered":"<h3>Unser B\u00fcro<\/h3>\n<p><strong><img loading=\"lazy\" decoding=\"async\" class=\"wp-image-198 size-medium alignleft\" src=\"http:\/\/wp.notare-rabl-gassen.de\/wp-content\/uploads\/2018\/07\/004_Notariat-Rabl-Gassen-300x200.jpg\" alt=\"\" width=\"300\" height=\"200\" srcset=\"https:\/\/notare-rabl-gassen.de\/wp-content\/uploads\/2018\/07\/004_Notariat-Rabl-Gassen-300x200.jpg 300w, https:\/\/notare-rabl-gassen.de\/wp-content\/uploads\/2018\/07\/004_Notariat-Rabl-Gassen-768x512.jpg 768w, https:\/\/notare-rabl-gassen.de\/wp-content\/uploads\/2018\/07\/004_Notariat-Rabl-Gassen-1024x683.jpg 1024w, https:\/\/notare-rabl-gassen.de\/wp-content\/uploads\/2018\/07\/004_Notariat-Rabl-Gassen.jpg 1500w\" sizes=\"auto, (max-width: 300px) 100vw, 300px\" \/>\u00d6ffnungszeiten:<\/strong><br \/>\nT\u00e4glich 8.30-13 Uhr und 14.00 bis 17 Uhr<br \/>\nsowie flexibel nach Vereinbarung<\/p>\n<p>&nbsp;<\/p>\n<p>&nbsp;<\/p>\n<p>&nbsp;<\/p>\n<p><strong><img loading=\"lazy\" decoding=\"async\" class=\"size-medium wp-image-152 alignright\" src=\"http:\/\/wp.notare-rabl-gassen.de\/wp-content\/uploads\/2018\/07\/050_Notariat-Rabl-Gassen-300x200.jpg\" alt=\"\" width=\"300\" height=\"200\" srcset=\"https:\/\/notare-rabl-gassen.de\/wp-content\/uploads\/2018\/07\/050_Notariat-Rabl-Gassen-300x200.jpg 300w, https:\/\/notare-rabl-gassen.de\/wp-content\/uploads\/2018\/07\/050_Notariat-Rabl-Gassen-768x512.jpg 768w, https:\/\/notare-rabl-gassen.de\/wp-content\/uploads\/2018\/07\/050_Notariat-Rabl-Gassen-1024x683.jpg 1024w, https:\/\/notare-rabl-gassen.de\/wp-content\/uploads\/2018\/07\/050_Notariat-Rabl-Gassen.jpg 1500w\" sizes=\"auto, (max-width: 300px) 100vw, 300px\" \/>Unsere R\u00e4ume:<\/strong><br \/>\nSie finden uns auf der Willy-Brandt-Allee 16 im Herzen der Museumsmeile. Unsere neuen B\u00fcror\u00e4ume bieten viel Platz, Licht und ein gehobenes Ambiente, welches (wie unser Notariat) das Beste aus Tradition und Moderne zu verbinden sucht. Mit dem Einzug in den denkmalgesch\u00fctzen Altbau der ehemaligen indischen Botschaft (direkt neben dem Haus der Geschichte) nehmen wir viele Anregungen auf, die wir aus unserem Kundenkreis erhalten haben.<\/p>\n<p><img loading=\"lazy\" decoding=\"async\" class=\"size-medium wp-image-146 alignleft\" src=\"http:\/\/wp.notare-rabl-gassen.de\/wp-content\/uploads\/2018\/07\/056_Notariat-Rabl-Gassen-300x200.jpg\" alt=\"\" width=\"300\" height=\"200\" srcset=\"https:\/\/notare-rabl-gassen.de\/wp-content\/uploads\/2018\/07\/056_Notariat-Rabl-Gassen-300x200.jpg 300w, https:\/\/notare-rabl-gassen.de\/wp-content\/uploads\/2018\/07\/056_Notariat-Rabl-Gassen-768x512.jpg 768w, https:\/\/notare-rabl-gassen.de\/wp-content\/uploads\/2018\/07\/056_Notariat-Rabl-Gassen-1024x683.jpg 1024w, https:\/\/notare-rabl-gassen.de\/wp-content\/uploads\/2018\/07\/056_Notariat-Rabl-Gassen.jpg 1500w\" sizes=\"auto, (max-width: 300px) 100vw, 300px\" \/><\/p>\n<p><strong>Erreichbarkeit:<\/strong><br \/>\nDas Haus ist \u00fcber die B9\/Adenauerallee leicht und schnell aus allen Richtungen erreichbar. Hinter dem Haus bieten wir\u00a0 eigene Kundenparkpl\u00e4tze in ausreichendem Umfang , so dass der Termin beim Notar in entspanntem Rahmen verlaufen kann.<\/p>\n<p>&nbsp;<\/p>\n<p>&nbsp;<\/p>\n<div id=\"attachment_215\" style=\"width: 790px\" class=\"wp-caption alignnone\"><img loading=\"lazy\" decoding=\"async\" aria-describedby=\"caption-attachment-215\" class=\"wp-image-215 size-large\" src=\"http:\/\/wp.notare-rabl-gassen.de\/wp-content\/uploads\/2018\/07\/anfahrt-1024x421.jpg\" alt=\"\" width=\"780\" height=\"321\" srcset=\"https:\/\/notare-rabl-gassen.de\/wp-content\/uploads\/2018\/07\/anfahrt-1024x421.jpg 1024w, https:\/\/notare-rabl-gassen.de\/wp-content\/uploads\/2018\/07\/anfahrt-300x123.jpg 300w, https:\/\/notare-rabl-gassen.de\/wp-content\/uploads\/2018\/07\/anfahrt-768x316.jpg 768w\" sizes=\"auto, (max-width: 780px) 100vw, 780px\" \/><p id=\"caption-attachment-215\" class=\"wp-caption-text\">Anfahrtskizze<\/p><\/div>\n<div><iframe loading=\"lazy\" src=\"https:\/\/www4.bing.com\/maps\/embed?h=400&amp;w=500&amp;cp=50.71732341414397~7.118144963623054&amp;lvl=16&amp;typ=d&amp;sty=r&amp;src=SHELL&amp;FORM=MBEDV8\" width=\"500\" height=\"400\" frameborder=\"0\" scrolling=\"no\"><br \/>\n<\/iframe><\/p>\n<div style=\"white-space: nowrap; text-align: center; width: 500px; padding: 6px 0;\"><a id=\"largeMapLink\" href=\"https:\/\/www4.bing.com\/maps?cp=50.71732341414397~7.118144963623054&amp;sty=r&amp;lvl=16&amp;FORM=MBEDLD\" target=\"_blank\" rel=\"noopener\">Gr\u00f6\u00dfere Karte anzeigen<\/a> \u00a0 |<br \/>\n<a id=\"dirMapLink\" href=\"https:\/\/www4.bing.com\/maps\/directions?cp=50.71732341414397~7.118144963623054&amp;sty=r&amp;lvl=16&amp;rtp=~pos.50.71732341414397_7.118144963623054____&amp;FORM=MBEDLD\" target=\"_blank\" rel=\"noopener\">Wegbeschreibung abrufen<\/a><\/div>\n<\/div>\n<p>&nbsp;<\/p>\n<p><strong>Weitere Anfahrtstipps:<\/strong><\/p>\n<p><strong>Mit dem Auto:<\/strong><\/p>\n<p>Wichtig: F\u00fcr Navigationssysteme verwenden sie die Adresse \u201eRheinweg 1\u201c, um direkt zu unseren Parkpl\u00e4tzen zu gelangen.<\/p>\n<p><em>Aus Richtung Bonn-Zentrum:<\/em><br \/>\n\u00dcber die Adenauerallee Richtung Bad Godesberg, hinter der Unterf\u00fchrung an der ersten M\u00f6glichkeit rechts Abbiegen (unmittelbar vor dem Kunstmuseum Bonn) in die Walter-Flex-Str., dann rechts abbiegen in die Paul-Clemen-Str. und nochmals rechts in den Rheinweg. Von hier k\u00f6nnen sie am Ende der Stra\u00dfe rechts auf unsere Parkpl\u00e4tze einbiegen.<\/p>\n<p><em>Aus Richtung A 565\/Reuterstr.:<\/em><br \/>\nUnmittelbar hinter dem Haus der Geschichte rechts in den Rheinweg einbiegen, dann links auf den Parkplatz.<\/p>\n<p><em>Aus Richtung A59\/A562\/S\u00fcdbr\u00fccke\/Bad Godesberg:<\/em><br \/>\nHinter dem Kunstmuseum Bonn links abbiegen in die Walter Flex-Str., dann rechts abbiegen in die Paul-Clemen-Str. und nochmals rechts in den Rheinweg. Von hier k\u00f6nnen sie am Ende der Stra\u00dfe rechts auf unsere Parkpl\u00e4tze einbiegen.<\/p>\n<p><strong>Mit dem Bus:<\/strong><\/p>\n<p>Linien 610, 611 und 630, Haltestelle Heussallee\/Museumsmeile<\/p>\n<p><strong>Mit der Stadtbahn:<\/strong><\/p>\n<p>Linien 16, 63, 66, 67, 68, Haltestelle Heussallee\/Museumsmeile. Folgen sie den Schildern zum Ausgang Richtung \u201eRheinweg\u201c. Ein Ausgang ist direkt vor dem Haus.<\/p>\n","protected":false},"excerpt":{"rendered":"<p>Unser B\u00fcro \u00d6ffnungszeiten: T\u00e4glich 8.30-13 Uhr und 14.00 bis 17 Uhr sowie flexibel nach Vereinbarung &nbsp; &nbsp; &nbsp; Unsere R\u00e4ume: Sie finden uns auf der Willy-Brandt-Allee 16 im Herzen der Museumsmeile. Unsere neuen B\u00fcror\u00e4ume bieten viel Platz, Licht und ein gehobenes Ambiente, welches (wie unser Notariat) das Beste aus Tradition und Moderne zu verbinden sucht. <a class=\"more-link\" href=\"https:\/\/notare-rabl-gassen.de\/?page_id=69\">weiterlesen&#8230;<\/a><\/p>\n","protected":false},"author":1,"featured_media":31,"parent":0,"menu_order":0,"comment_status":"closed","ping_status":"closed","template":"","meta":{"footnotes":""},"class_list":["post-69","page","type-page","status-publish","has-post-thumbnail","hentry"],"_links":{"self":[{"href":"https:\/\/notare-rabl-gassen.de\/index.php?rest_route=\/wp\/v2\/pages\/69","targetHints":{"allow":["GET"]}}],"collection":[{"href":"https:\/\/notare-rabl-gassen.de\/index.php?rest_route=\/wp\/v2\/pages"}],"about":[{"href":"https:\/\/notare-rabl-gassen.de\/index.php?rest_route=\/wp\/v2\/types\/page"}],"author":[{"embeddable":true,"href":"https:\/\/notare-rabl-gassen.de\/index.php?rest_route=\/wp\/v2\/users\/1"}],"replies":[{"embeddable":true,"href":"https:\/\/notare-rabl-gassen.de\/index.php?rest_route=%2Fwp%2Fv2%2Fcomments&post=69"}],"version-history":[{"count":6,"href":"https:\/\/notare-rabl-gassen.de\/index.php?rest_route=\/wp\/v2\/pages\/69\/revisions"}],"predecessor-version":[{"id":242,"href":"https:\/\/notare-rabl-gassen.de\/index.php?rest_route=\/wp\/v2\/pages\/69\/revisions\/242"}],"wp:featuredmedia":[{"embeddable":true,"href":"https:\/\/notare-rabl-gassen.de\/index.php?rest_route=\/wp\/v2\/media\/31"}],"wp:attachment":[{"href":"https:\/\/notare-rabl-gassen.de\/index.php?rest_route=%2Fwp%2Fv2%2Fmedia&parent=69"}],"curies":[{"name":"wp","href":"https:\/\/api.w.org\/{rel}","templated":true}]}}