{"id":65,"date":"2017-04-10T21:56:25","date_gmt":"2017-04-10T21:56:25","guid":{"rendered":"http:\/\/wp.notare-rabl-gassen.de\/?page_id=65"},"modified":"2018-07-09T12:28:58","modified_gmt":"2018-07-09T12:28:58","slug":"ueber-rabl-gassen","status":"publish","type":"page","link":"https:\/\/notare-rabl-gassen.de\/?page_id=65","title":{"rendered":"\u00dcber die Notare Dr. Rabl &#038; Dr. Gassen"},"content":{"rendered":"<h3>Notare Dr. Albert Rabl und Dr. Dominik Gassen<\/h3>\n<div id=\"attachment_186\" style=\"width: 210px\" class=\"wp-caption alignleft\"><img loading=\"lazy\" decoding=\"async\" aria-describedby=\"caption-attachment-186\" class=\"wp-image-186 size-medium\" src=\"http:\/\/wp.notare-rabl-gassen.de\/wp-content\/uploads\/2018\/07\/016_Notariat-Rabl-Gassen-200x300.jpg\" alt=\"\" width=\"200\" height=\"300\" srcset=\"https:\/\/notare-rabl-gassen.de\/wp-content\/uploads\/2018\/07\/016_Notariat-Rabl-Gassen-200x300.jpg 200w, https:\/\/notare-rabl-gassen.de\/wp-content\/uploads\/2018\/07\/016_Notariat-Rabl-Gassen-768x1152.jpg 768w, https:\/\/notare-rabl-gassen.de\/wp-content\/uploads\/2018\/07\/016_Notariat-Rabl-Gassen-683x1024.jpg 683w, https:\/\/notare-rabl-gassen.de\/wp-content\/uploads\/2018\/07\/016_Notariat-Rabl-Gassen.jpg 1500w\" sizes=\"auto, (max-width: 200px) 100vw, 200px\" \/><p id=\"caption-attachment-186\" class=\"wp-caption-text\">Notar Dr. Albert Rabl<\/p><\/div>\n<p><strong>Dr. Albert Rabl<\/strong> ist ein in s\u00e4mtlichen Bereichen der notariellen T\u00e4tigkeit erfahrener und versierter Berater. Er bekleidete das Notaramt schon seit vielen Jahren bevor er als Amtsnachfolger von Notar Georg Wellmann im Jahr 2004 nach Bonn kam. Zu seinen Arbeitsschwerpunkten geh\u00f6rt insbesondere auch die Begleitung von Transaktionen mit steuerlichen Gestaltungsaspekten.<\/p>\n<p>&nbsp;<\/p>\n<p>&nbsp;<\/p>\n<p>&nbsp;<\/p>\n<p>&nbsp;<\/p>\n<p>&nbsp;<\/p>\n<p>&nbsp;<\/p>\n<p><strong>Dr. Dominik Gassen<\/strong> ist seit Juni 2007 als Amtsnachfolger des Notars Friedrich Bross Notar in Bonn. In den Vorjahren war er als Referent bei der Bundesnotarkammer und als Gesch\u00e4ftsf\u00fchrer des BNotK-Tochterunternehmens NotarNet GmbH f\u00fcr eine Vielzahl von Themen im Bereich des elektronischen Rechtsverkehrs zust\u00e4ndig, wozu schwerpunktm\u00e4\u00dfig das Vorsorgeregister der Bundesnotarkammer, die elektronische Notarsignatur und die Einf\u00fchrung der elektronischen Handelsregisteranmeldung geh\u00f6rten. Vorher war Dr. Gassen bereits zwei Jahre bei seinem Amtsvorg\u00e4nger am gleichen Ort als Notarassessor t\u00e4tig.<\/p>\n<div id=\"attachment_175\" style=\"width: 210px\" class=\"wp-caption alignright\"><img loading=\"lazy\" decoding=\"async\" aria-describedby=\"caption-attachment-175\" class=\"wp-image-175 size-medium\" src=\"http:\/\/wp.notare-rabl-gassen.de\/wp-content\/uploads\/2018\/07\/027_Notariat-Rabl-Gassen-200x300.jpg\" alt=\"\" width=\"200\" height=\"300\" srcset=\"https:\/\/notare-rabl-gassen.de\/wp-content\/uploads\/2018\/07\/027_Notariat-Rabl-Gassen-200x300.jpg 200w, https:\/\/notare-rabl-gassen.de\/wp-content\/uploads\/2018\/07\/027_Notariat-Rabl-Gassen-768x1152.jpg 768w, https:\/\/notare-rabl-gassen.de\/wp-content\/uploads\/2018\/07\/027_Notariat-Rabl-Gassen-683x1024.jpg 683w, https:\/\/notare-rabl-gassen.de\/wp-content\/uploads\/2018\/07\/027_Notariat-Rabl-Gassen.jpg 1500w\" sizes=\"auto, (max-width: 200px) 100vw, 200px\" \/><p id=\"caption-attachment-175\" class=\"wp-caption-text\">Dr. Dominik Gassen<\/p><\/div>\n<p>Zu seiner vorausgehenden beruflichen T\u00e4tigkeit geh\u00f6rten unter anderem Stellen als wissenschaftlicher Mitarbeiter an der Universit\u00e4t zu K\u00f6ln sowie als Justitiar eines Internet-Unternehmens. Er promovierte erfolgreich bei Prof. Dr. Hanns Pr\u00fctting in K\u00f6ln zum Thema &#8222;Elektronische Signaturen&#8220;.<br \/>\nDr. Gassen beherrscht die englische Sprache flie\u00dfend in Wort und Schrift. Er spricht franz\u00f6sisch auf Konversationsniveau.<br \/>\nDr. Gassen hat in seinem Spezialbereich in Deutschland, England, Italien und den USA in deutscher und englischer Sprache wissenschaftliche Beitr\u00e4ge publiziert.<br \/>\nDr. Gassen ist Mitglied und Past President des Rotary-Club Bonn-Rheinbogen.<\/p>\n<p>Publikationen:<br \/>\nDigitale Signaturen in der Praxis (2003)<br \/>\nElektronische Beglaubigung und elektronische Handelsregisteranmeldung in der Praxis (2006), mit Stefan Wegerhoff<br \/>\nDie elektronische Handelsregisteranmeldung (in Noack (Hrsg.), Das neue Gesetz \u00fcber elektronische Handels- und Unternehmensregister (2007)<br \/>\nPerspektiven des elektronischen Rechtsverkehrs in Grundbuchsachen (mit Notar Jens Kirchner), in: L\u00fcke\/P\u00fcls (Hrsg.), Der elektronische Rechtsverkehr in der notariellen Praxis (2009)<br \/>\nElektronische Beglaubigung und elektronische Handelsregisteranmeldung in der Praxis (2. Auflage 2009) mit Stefan Wegerhoff<br \/>\nNotaries &#8211; Agents of Progress in Electronic Justice, in: Consiglio Nazionale del Notariato (Hrsg.), La sicurrezza giuridica nella societ\u00e0 dell&#8217;informatione (2009)<br \/>\n&#8222;Der Anfang einer st\u00fcrmischen Liebe?Thesen zu Einf\u00fchrung des elektronischen Rechtsverkehrs in Grundbuchsachen..&#8220; in: L\u00fcke\/P\u00fcls (Hrsg.): E-Justiz: Notare als Mittler und Motoren im elektronischen Rechtsverkehr&#8220; (2011)<\/p>\n<p>Zul\u00e4ssigkeit und Grenzen gesellschaftsrechtlich vereinbarter Pflichten zur Vornahme familien- und erbrechtlicher Vereinbarungen mit Dritten, RNotZ 2004, 424<br \/>\nElektronischer Rechtsverkehr mit &#8222;SigNotar&#8220; und &#8222;StrADa&#8220;, ZNotP 2005, 413 (mit Stefan Wegerhoff)<br \/>\nDraht zum Wissen &#8211; Notarielle Fachrecherche in elektronischen Medien, NotBZ 2005, 197<br \/>\nElektronischer Rechtsverkehr und Signatur in der Notarpraxis, Forum (Zeitschrift des BDVI), Heft 1\/2005<br \/>\nDas Notarnetz: Zukunftsmodell mit Startschwierigkeiten, DNotZ 2006, 582<br \/>\nA system of trust: German civil law notaries and their role in providing trustworthy electronic documents and communication, Digital Evidence Journal 2006, 87<br \/>\nDie Form der elektronischen Notarurkunde, RNotZ 2007, 142<br \/>\nVerifikationsplattform f\u00fcr elektronische Signaturen, DuD 2008, 673 (mit Dr. Ugo Bechini)<br \/>\nDer elektronische Rechtsverkehr in Grundbuchsachen, ZRP 2009. 77 (zusammen mit Dr. Robert M\u00f6dl).<br \/>\nA new approach to improving the Interoperability of Electronic Signatures in Cross-Border Legal Transactions, Michigan State Journal of International Law (mit Dr. Ugo Bechini)<br \/>\n&#8222;Quo Vadis, XNotar?&#8220; &#8211; 3 Jahre elektronischer Rechtsverkehr im Notariat &#8211; R\u00fcckblick und Ausblick, ZNotP 2009, 330.<br \/>\nFachwissen aus dem Internet &#8211; Online-Recherche f\u00fcr Notare, RNotZ 2009, 645<br \/>\nSichere IT-Nutzung im Notarb\u00fcro, ZNotP 2009, 474<\/p>\n","protected":false},"excerpt":{"rendered":"<p>Notare Dr. Albert Rabl und Dr. Dominik Gassen Dr. Albert Rabl ist ein in s\u00e4mtlichen Bereichen der notariellen T\u00e4tigkeit erfahrener und versierter Berater. Er bekleidete das Notaramt schon seit vielen Jahren bevor er als Amtsnachfolger von Notar Georg Wellmann im Jahr 2004 nach Bonn kam. Zu seinen Arbeitsschwerpunkten geh\u00f6rt insbesondere auch die Begleitung von Transaktionen <a class=\"more-link\" href=\"https:\/\/notare-rabl-gassen.de\/?page_id=65\">weiterlesen&#8230;<\/a><\/p>\n","protected":false},"author":1,"featured_media":184,"parent":0,"menu_order":0,"comment_status":"closed","ping_status":"closed","template":"","meta":{"footnotes":""},"class_list":["post-65","page","type-page","status-publish","has-post-thumbnail","hentry"],"_links":{"self":[{"href":"https:\/\/notare-rabl-gassen.de\/index.php?rest_route=\/wp\/v2\/pages\/65","targetHints":{"allow":["GET"]}}],"collection":[{"href":"https:\/\/notare-rabl-gassen.de\/index.php?rest_route=\/wp\/v2\/pages"}],"about":[{"href":"https:\/\/notare-rabl-gassen.de\/index.php?rest_route=\/wp\/v2\/types\/page"}],"author":[{"embeddable":true,"href":"https:\/\/notare-rabl-gassen.de\/index.php?rest_route=\/wp\/v2\/users\/1"}],"replies":[{"embeddable":true,"href":"https:\/\/notare-rabl-gassen.de\/index.php?rest_route=%2Fwp%2Fv2%2Fcomments&post=65"}],"version-history":[{"count":5,"href":"https:\/\/notare-rabl-gassen.de\/index.php?rest_route=\/wp\/v2\/pages\/65\/revisions"}],"predecessor-version":[{"id":209,"href":"https:\/\/notare-rabl-gassen.de\/index.php?rest_route=\/wp\/v2\/pages\/65\/revisions\/209"}],"wp:featuredmedia":[{"embeddable":true,"href":"https:\/\/notare-rabl-gassen.de\/index.php?rest_route=\/wp\/v2\/media\/184"}],"wp:attachment":[{"href":"https:\/\/notare-rabl-gassen.de\/index.php?rest_route=%2Fwp%2Fv2%2Fmedia&parent=65"}],"curies":[{"name":"wp","href":"https:\/\/api.w.org\/{rel}","templated":true}]}}