{"id":303,"date":"2018-07-10T07:02:24","date_gmt":"2018-07-10T07:02:24","guid":{"rendered":"http:\/\/wp.notare-rabl-gassen.de\/?page_id=303"},"modified":"2018-07-10T07:05:50","modified_gmt":"2018-07-10T07:05:50","slug":"die-notarielle-urkunde","status":"publish","type":"page","link":"https:\/\/notare-rabl-gassen.de\/?page_id=303","title":{"rendered":"Die notarielle Urkunde"},"content":{"rendered":"<h4>Wir setzen Ihre Urkunde in Bewegung.<\/h4>\n<p>Die Notare lassen Sie mit Ihrer Urkunde nicht allein. Ein guter Vertrag h\u00f6rt n\u00e4mlich nicht bei seiner Beurkundung auf. Deshalb k\u00fcmmert sich Ihr Notar auch darum, dass alles N\u00f6tige veranlasst wird, um Ihre Vereinbarungen in die Tat umzusetzen.<\/p>\n<p>Dabei ist der Gang durch s\u00e4mtliche Beh\u00f6rden in der Regel recht m\u00fchsam. Au\u00dferdem \u00fcberwacht Ihr Notar Zahlungen und kontrolliert, wann der Kaufpreis f\u00e4llig ist. Sie k\u00f6nnen ihn sogar als Treuh\u00e4nder einschalten, etwa f\u00fcr die Kaufsumme. Zum Schluss \u00fcberpr\u00fcft er noch, ob auch alles richtig vollzogen wurde. Oft sogar, ohne dass Sie davon \u00fcberhaupt etwas merken.<\/p>\n<p>Bleibt noch zu erg\u00e4nzen, dass Ihnen die Urkunde auch dann hilft, wenn Sie Ihr Recht durchsetzen m\u00fcssen.<\/p>\n<h4>Beglaubigt. Beurkundet. Bewiesen.<\/h4>\n<p>Egal, ob Beurkundung oder Beglaubigung \u2013 mit der notariellen Urkunde haben Sie die Sicherheit, dass Sie normalerweise nicht in Beweisnot geraten. Ob gegen\u00fcber Banken, \u00c4rzten oder vor Gericht.<\/p>\n<p>Bei der Beglaubigung best\u00e4tigt Ihr Notar allerdings lediglich, dass Sie es waren, der unterschrieben hat. Auch wenn Sie sich im elektronischen Rechtsverkehr als Absender ausweisen m\u00f6chten, unterst\u00fctzt Sie Ihr Notar.<\/p>\n<p>Eine Beurkundung dagegen beweist noch mehr. Weil sie voraussetzt, dass Ihr Notar Sie ausf\u00fchrlich beraten und \u00fcber die Tragweite Ihrer Entscheidung informiert hat. Damit kann das Gericht davon ausgehen, dass jeder wusste, was er tat.<\/p>\n","protected":false},"excerpt":{"rendered":"<p>Wir setzen Ihre Urkunde in Bewegung. Die Notare lassen Sie mit Ihrer Urkunde nicht allein. Ein guter Vertrag h\u00f6rt n\u00e4mlich nicht bei seiner Beurkundung auf. Deshalb k\u00fcmmert sich Ihr Notar auch darum, dass alles N\u00f6tige veranlasst wird, um Ihre Vereinbarungen in die Tat umzusetzen. Dabei ist der Gang durch s\u00e4mtliche Beh\u00f6rden in der Regel recht <a class=\"more-link\" href=\"https:\/\/notare-rabl-gassen.de\/?page_id=303\">weiterlesen&#8230;<\/a><\/p>\n","protected":false},"author":1,"featured_media":169,"parent":299,"menu_order":2,"comment_status":"closed","ping_status":"closed","template":"","meta":{"footnotes":""},"class_list":["post-303","page","type-page","status-publish","has-post-thumbnail","hentry"],"_links":{"self":[{"href":"https:\/\/notare-rabl-gassen.de\/index.php?rest_route=\/wp\/v2\/pages\/303","targetHints":{"allow":["GET"]}}],"collection":[{"href":"https:\/\/notare-rabl-gassen.de\/index.php?rest_route=\/wp\/v2\/pages"}],"about":[{"href":"https:\/\/notare-rabl-gassen.de\/index.php?rest_route=\/wp\/v2\/types\/page"}],"author":[{"embeddable":true,"href":"https:\/\/notare-rabl-gassen.de\/index.php?rest_route=\/wp\/v2\/users\/1"}],"replies":[{"embeddable":true,"href":"https:\/\/notare-rabl-gassen.de\/index.php?rest_route=%2Fwp%2Fv2%2Fcomments&post=303"}],"version-history":[{"count":1,"href":"https:\/\/notare-rabl-gassen.de\/index.php?rest_route=\/wp\/v2\/pages\/303\/revisions"}],"predecessor-version":[{"id":304,"href":"https:\/\/notare-rabl-gassen.de\/index.php?rest_route=\/wp\/v2\/pages\/303\/revisions\/304"}],"up":[{"embeddable":true,"href":"https:\/\/notare-rabl-gassen.de\/index.php?rest_route=\/wp\/v2\/pages\/299"}],"wp:featuredmedia":[{"embeddable":true,"href":"https:\/\/notare-rabl-gassen.de\/index.php?rest_route=\/wp\/v2\/media\/169"}],"wp:attachment":[{"href":"https:\/\/notare-rabl-gassen.de\/index.php?rest_route=%2Fwp%2Fv2%2Fmedia&parent=303"}],"curies":[{"name":"wp","href":"https:\/\/api.w.org\/{rel}","templated":true}]}}