{"id":301,"date":"2018-07-10T07:01:37","date_gmt":"2018-07-10T07:01:37","guid":{"rendered":"http:\/\/wp.notare-rabl-gassen.de\/?page_id=301"},"modified":"2018-07-10T07:06:16","modified_gmt":"2018-07-10T07:06:16","slug":"der-notar","status":"publish","type":"page","link":"https:\/\/notare-rabl-gassen.de\/?page_id=301","title":{"rendered":"Der Notar"},"content":{"rendered":"<h4>Gute Zeiten, schlechte Zeiten. Und immer mit Notar.<\/h4>\n<p>Gar nicht so einfach, die Sache mit dem Recht. Deshalb will es das Gesetz, dass Sie sich in wichtigen Angelegenheiten von einem Notar beraten lassen. Die Beurkundung beim Notar bietet einen wichtigen Schutz f\u00fcr alle Beteiligten. Besonders, wenn sie unerfahren sind. Zumal der Notar schon von Gesetzes wegen verpflichtet ist, die W\u00fcnsche aller Parteien zu erforschen und ihre Interessen zu wahren. Deshalb fungiert er dort, wo Interessensgegens\u00e4tze aufeinanderprallen, auch schon mal als Mittler. Lassen Sie sich also ruhig von Ihrem Notar bei allen wichtigen Rechtsschritten beraten. Nicht nur, wenn es der Gesetzgeber vorschreibt.<\/p>\n<h4>Juristen in Amt und W\u00fcrden.<\/h4>\n<p>Notare werden vom zust\u00e4ndigen Oberlandesgericht ernannt. Nach strengen Kriterien und nur in begrenzter Zahl. Damit sind sie Tr\u00e4ger eines \u00f6ffentlichen Amtes. Kein Wunder also, dass Notare schon von Gesetzes wegen jede Menge Pflichten haben. Allen voran die, neutral und verschwiegen zu sein. Aber auch aufzukl\u00e4ren und zu belehren.<\/p>\n<p>Das gilt \u00fcbrigens f\u00fcr alle Notare. Egal, ob sie einzig und allein als Notar t\u00e4tig sind, als Notar im Hauptberuf. Oder ob sie Notar und Anwalt in einem sind, als sog. Anwaltsnotar. Auch absolviert jeder Notar eine mehrj\u00e4hrige Spezialausbildung.<\/p>\n<p>Notare gibt es selbst an kleinen Orten. Trotzdem m\u00fcssen Sie nicht unbedingt zum n\u00e4chstgelegenen Notar gehen. Sondern k\u00f6nnen sich ruhig den Notar aussuchen, dem Sie am meisten vertrauen. Er kommt sogar zu Ihnen nach Hause, wenn Sie nicht zu ihm gehen k\u00f6nnen. Allerdings in der Regel nur, solange er damit in seinem Amtsbereich beurkundet. Trotzdem kann er Ihnen nat\u00fcrlich helfen, wenn es um Ihre Angelegenheiten anderswo geht. Sogar um die im Ausland.\u00a0Und weil der Notar f\u00fcr jeden da ist, darf er Sie auch nicht ohne guten Grund ablehnen.<\/p>\n<p>Wie Sie Ihren Notar am besten finden? Ganz einfach, im Telefonbuch, Branchenverzeichnis oder im\u00a0<a href=\"http:\/\/www.deutsche-notarauskunft.de\/adressen\/deutsches_notarverzeichnis.asp\" target=\"content\">Notarverzeichnis im Internet<\/a>. Die Notarkammern helfen Ihnen nat\u00fcrlich ebenfalls weiter.<\/p>\n","protected":false},"excerpt":{"rendered":"<p>Gute Zeiten, schlechte Zeiten. Und immer mit Notar. Gar nicht so einfach, die Sache mit dem Recht. Deshalb will es das Gesetz, dass Sie sich in wichtigen Angelegenheiten von einem Notar beraten lassen. Die Beurkundung beim Notar bietet einen wichtigen Schutz f\u00fcr alle Beteiligten. Besonders, wenn sie unerfahren sind. Zumal der Notar schon von Gesetzes <a class=\"more-link\" href=\"https:\/\/notare-rabl-gassen.de\/?page_id=301\">weiterlesen&#8230;<\/a><\/p>\n","protected":false},"author":1,"featured_media":0,"parent":299,"menu_order":1,"comment_status":"closed","ping_status":"closed","template":"","meta":{"footnotes":""},"class_list":["post-301","page","type-page","status-publish","hentry"],"_links":{"self":[{"href":"https:\/\/notare-rabl-gassen.de\/index.php?rest_route=\/wp\/v2\/pages\/301","targetHints":{"allow":["GET"]}}],"collection":[{"href":"https:\/\/notare-rabl-gassen.de\/index.php?rest_route=\/wp\/v2\/pages"}],"about":[{"href":"https:\/\/notare-rabl-gassen.de\/index.php?rest_route=\/wp\/v2\/types\/page"}],"author":[{"embeddable":true,"href":"https:\/\/notare-rabl-gassen.de\/index.php?rest_route=\/wp\/v2\/users\/1"}],"replies":[{"embeddable":true,"href":"https:\/\/notare-rabl-gassen.de\/index.php?rest_route=%2Fwp%2Fv2%2Fcomments&post=301"}],"version-history":[{"count":1,"href":"https:\/\/notare-rabl-gassen.de\/index.php?rest_route=\/wp\/v2\/pages\/301\/revisions"}],"predecessor-version":[{"id":302,"href":"https:\/\/notare-rabl-gassen.de\/index.php?rest_route=\/wp\/v2\/pages\/301\/revisions\/302"}],"up":[{"embeddable":true,"href":"https:\/\/notare-rabl-gassen.de\/index.php?rest_route=\/wp\/v2\/pages\/299"}],"wp:attachment":[{"href":"https:\/\/notare-rabl-gassen.de\/index.php?rest_route=%2Fwp%2Fv2%2Fmedia&parent=301"}],"curies":[{"name":"wp","href":"https:\/\/api.w.org\/{rel}","templated":true}]}}