{"id":299,"date":"2018-07-10T07:01:06","date_gmt":"2018-07-10T07:01:06","guid":{"rendered":"http:\/\/wp.notare-rabl-gassen.de\/?page_id=299"},"modified":"2018-07-10T07:04:45","modified_gmt":"2018-07-10T07:04:45","slug":"was-tun-notare","status":"publish","type":"page","link":"https:\/\/notare-rabl-gassen.de\/?page_id=299","title":{"rendered":"Was tun Notare?"},"content":{"rendered":"<h5>Beraten ist gut. Beurkunden ist besser.<\/h5>\n<p><strong>Alles was Recht ist: Die Urkunde des Notars hilft Ihnen. Ob es um Ihre privaten Angelegenheiten geht oder um gesch\u00e4ftliche Vereinbarungen. Schlie\u00dflich ist das Leben kompliziert genug.<\/strong><\/p>\n<p>Abmachungen gut und sch\u00f6n. Doch was beim Notar beurkundet worden ist, kann Ihnen so schnell niemand streitig machen. Deshalb vergleichen wir die notarielle Urkunde auch gerne mit einem Airbag: Beruhigend, dass sie da ist. Und trotzdem \u00e4rgert sich niemand, wenn es nicht zum Unfall kommt.<\/p>\n<p>Diese Sicherheit werden Sie \u00fcbrigens nicht nur im Gesch\u00e4ftsleben zu sch\u00e4tzen wissen. Sondern vor allem auch in Ihrer Familie. Egal, ob Sie verheiratet sind oder nicht. Und egal, ob Sie erben oder vererben. Weil klare Verh\u00e4ltnisse in Sachen Ehe oder Nachfolge mindestens genauso wichtig sind wie Vereinbarungen zwischen Gesch\u00e4ftsleuten.<\/p>\n<p>Doch worum es auch immer geht, der Notar ber\u00e4t Sie umfassend. Dabei zeigt er Alternativen auf, schl\u00e4gt L\u00f6sungen vor und entwirft die n\u00f6tigen Erkl\u00e4rungen und Vertr\u00e4ge f\u00fcr Sie. Und zwar in Ihrer beider Sinne. Dazu ist er n\u00e4mlich schon von Berufs wegen verpflichtet.<\/p>\n<p class=\"Stil1\">[Dieser Text und die Inhalte auf den verkn\u00fcpften Seiten sind urspr\u00fcnglich dem Informationsangebot der Landesnotarkammer Bayern entnommen.]<\/p>\n","protected":false},"excerpt":{"rendered":"<p>Beraten ist gut. Beurkunden ist besser. Alles was Recht ist: Die Urkunde des Notars hilft Ihnen. Ob es um Ihre privaten Angelegenheiten geht oder um gesch\u00e4ftliche Vereinbarungen. Schlie\u00dflich ist das Leben kompliziert genug. Abmachungen gut und sch\u00f6n. Doch was beim Notar beurkundet worden ist, kann Ihnen so schnell niemand streitig machen. Deshalb vergleichen wir die <a class=\"more-link\" href=\"https:\/\/notare-rabl-gassen.de\/?page_id=299\">weiterlesen&#8230;<\/a><\/p>\n","protected":false},"author":1,"featured_media":170,"parent":0,"menu_order":0,"comment_status":"closed","ping_status":"closed","template":"","meta":{"footnotes":""},"class_list":["post-299","page","type-page","status-publish","has-post-thumbnail","hentry"],"_links":{"self":[{"href":"https:\/\/notare-rabl-gassen.de\/index.php?rest_route=\/wp\/v2\/pages\/299","targetHints":{"allow":["GET"]}}],"collection":[{"href":"https:\/\/notare-rabl-gassen.de\/index.php?rest_route=\/wp\/v2\/pages"}],"about":[{"href":"https:\/\/notare-rabl-gassen.de\/index.php?rest_route=\/wp\/v2\/types\/page"}],"author":[{"embeddable":true,"href":"https:\/\/notare-rabl-gassen.de\/index.php?rest_route=\/wp\/v2\/users\/1"}],"replies":[{"embeddable":true,"href":"https:\/\/notare-rabl-gassen.de\/index.php?rest_route=%2Fwp%2Fv2%2Fcomments&post=299"}],"version-history":[{"count":2,"href":"https:\/\/notare-rabl-gassen.de\/index.php?rest_route=\/wp\/v2\/pages\/299\/revisions"}],"predecessor-version":[{"id":307,"href":"https:\/\/notare-rabl-gassen.de\/index.php?rest_route=\/wp\/v2\/pages\/299\/revisions\/307"}],"wp:featuredmedia":[{"embeddable":true,"href":"https:\/\/notare-rabl-gassen.de\/index.php?rest_route=\/wp\/v2\/media\/170"}],"wp:attachment":[{"href":"https:\/\/notare-rabl-gassen.de\/index.php?rest_route=%2Fwp%2Fv2%2Fmedia&parent=299"}],"curies":[{"name":"wp","href":"https:\/\/api.w.org\/{rel}","templated":true}]}}